{"id":818,"date":"2012-11-08T21:52:58","date_gmt":"2012-11-08T18:52:58","guid":{"rendered":"http:\/\/www.kaarinankuvaajat.net\/?page_id=818"},"modified":"2023-01-05T21:25:31","modified_gmt":"2023-01-05T19:25:31","slug":"salakampa-yleiset-ohjeet-ja-kuvien-digitaalinen-korjaaminen","status":"publish","type":"page","link":"https:\/\/www.kaarinankuvaajat.net\/blog\/?page_id=818","title":{"rendered":"Salakamman yleiset ohjeet ja kuvan digitaalinen s\u00e4\u00e4t\u00e4minen"},"content":{"rendered":"<p><strong><span style=\"text-decoration: underline;\">Yleiset ohjeet<\/span><\/strong><\/p>\n<p>Salakampa on leikkimielinen valokuvauskilpailu, johon voi jokainen yhdistyksen j\u00e4sen osallistua.<\/p>\n<p>Kilpailun aiheet m\u00e4\u00e4r\u00e4t\u00e4\u00e4n ennakkoon kerran vuodessa, mutta v\u00e4hint\u00e4\u00e4n kaksi (2) kertaa vuodessa aiheena tulee olemaan vapaa-aihe ja t\u00e4ll\u00f6in salakampaan osallistutaan tuoreilla, edellisen kuukauden aikana otetuilla kuvilla. Ennen jokaista j\u00e4seniltaa osallistujien kuvat kootaan yhteen ja ne esitet\u00e4\u00e4n nimett\u00f6min\u00e4 l\u00e4sn\u00e4olijoille. Tuomariksi valitaan l\u00e4sn\u00e4olijoiden joukosta j\u00e4sen tai vierailija. Tuomarina ei voi toimia, jos on ottanut osaa salakampaan.<\/p>\n<p>Kilpailuun voivat j\u00e4senet osallistua enint\u00e4\u00e4n kolmella (3) kuvalla. Salakammassa valitaan kahdeksan (8) parasta kuvaa ja kuvaajille kertyy sijoituksen perusteella pisteit\u00e4. Pisteet kertyv\u00e4t siten ett\u00e4 voittaja saa kahdeksan (8) pistett\u00e4, seuraava seitsem\u00e4n (7) pistett\u00e4 jne.,&nbsp; jolloin viimeisell\u00e4 pistesijalla oleva saa yhden (1) pisteen. Salakamman pisteiden kertymist\u00e4 voi seurata Kaarinan Kuvaajien internet sek\u00e4 Facebook -sivustoilla. Salakampaan voi osallistua my\u00f6s aiemmin salakammassa mukana olleella sijoitusta vailla j\u00e4\u00e4neell\u00e4 kuvalla. Tammikuun j\u00e4senillassa julkistetaan sek\u00e4 palkitaan edellisen vuoden salakamman voittaja.<\/p>\n<p>Kuvat ladataan palvelimelle etuk\u00e4teen. Kuvatiedostojen nime\u00e4minen on vapaata, mutta suositeltavaa on k\u00e4ytt\u00e4\u00e4 nimi\u00e4, joista kuvaajaa ei pysty arvaamaan. Kuvien nimiss\u00e4 skandinaaviset \u00e5, \u00e4 ja \u00f6 kirjaimet suositellaan vaihdettavaksi a ja o kirjaimiksi.<\/p>\n<p>Kuvatiedostoon liittyv\u00e4t tekniset suositukset<br \/>\n\u2022 Kuvan pidemm\u00e4n sivun maksimipikselim\u00e4\u00e4r\u00e4 on 1920 pikseli\u00e4.<br \/>\n\u2022 Tiedostoformaatti JPG, mahdollisimman hyv\u00e4 laatu.<br \/>\n\u2022 Kuvan dpi &#8211; tai ppi -arvolla ei ole v\u00e4li\u00e4.<br \/>\n\u2022 V\u00e4riavaruus sRGB.<br \/>\n\u2022 Kuvien metadata on suositeltava h\u00e4vitt\u00e4\u00e4.<\/p>\n<p>Kuvien k\u00e4ytt\u00f6<br \/>\nKuvaajalla pit\u00e4\u00e4 olla oikeudet kuvaan ja sen esitt\u00e4miseen. Kuvaaja hyv\u00e4ksyy osallistumalla, ett\u00e4 h\u00e4nen kilpailukuvansa voidaan julkaista Kaarina-lehdess\u00e4, Kaarinan Kuvaajien internet -sivustolla sek\u00e4 Kaarinan Kuvaajien Facebook -sivustolla salakamman tulosten yhteydess\u00e4. Mik\u00e4li kilpailukuvassa esiintyy henkil\u00f6it\u00e4, jotka ovat kuvasta tunnistettavissa, kuvaaja vastaa siit\u00e4 ett\u00e4 kuvassa esiintyvilt\u00e4 henkil\u00f6ilt\u00e4 on saatu lupa kuvan julkaisemiseen.<\/p>\n<p>Kuvank\u00e4sittely<br \/>\nSalakampa-kilpailussa ei ole m\u00e4\u00e4ritelty kuvanmuokkausehtoja. Kilpailun j\u00e4lkeen sijoittuneiden kuvien kuvaajien on pyydett\u00e4ess\u00e4 kerrottava onko kuvaa muokattu, jos on niin mit\u00e4 muokkauksia kuvaan on tehty. T\u00e4m\u00e4 ei kuitenkaan en\u00e4\u00e4 vaikuta pisteytykseen vaan selvent\u00e4\u00e4 j\u00e4senille millaisesta kuvasta on kyse.<\/p>\n","protected":false},"excerpt":{"rendered":"<p>Yleiset ohjeet Salakampa on leikkimielinen valokuvauskilpailu, johon voi jokainen yhdistyksen j\u00e4sen osallistua. Kilpailun aiheet m\u00e4\u00e4r\u00e4t\u00e4\u00e4n ennakkoon kerran vuodessa, mutta v\u00e4hint\u00e4\u00e4n kaksi (2) kertaa vuodessa aiheena tulee olemaan vapaa-aihe ja t\u00e4ll\u00f6in salakampaan osallistutaan tuoreilla, edellisen kuukauden aikana otetuilla kuvilla. Ennen jokaista j\u00e4seniltaa osallistujien kuvat kootaan yhteen ja ne esitet\u00e4\u00e4n nimett\u00f6min\u00e4 l\u00e4sn\u00e4olijoille. Tuomariksi valitaan l\u00e4sn\u00e4olijoiden joukosta j\u00e4sen [&hellip;]<\/p>\n","protected":false},"author":6,"featured_media":0,"parent":0,"menu_order":0,"comment_status":"closed","ping_status":"closed","template":"","meta":{"footnotes":""},"class_list":["post-818","page","type-page","status-publish","hentry"],"_links":{"self":[{"href":"https:\/\/www.kaarinankuvaajat.net\/blog\/index.php?rest_route=\/wp\/v2\/pages\/818","targetHints":{"allow":["GET"]}}],"collection":[{"href":"https:\/\/www.kaarinankuvaajat.net\/blog\/index.php?rest_route=\/wp\/v2\/pages"}],"about":[{"href":"https:\/\/www.kaarinankuvaajat.net\/blog\/index.php?rest_route=\/wp\/v2\/types\/page"}],"author":[{"embeddable":true,"href":"https:\/\/www.kaarinankuvaajat.net\/blog\/index.php?rest_route=\/wp\/v2\/users\/6"}],"replies":[{"embeddable":true,"href":"https:\/\/www.kaarinankuvaajat.net\/blog\/index.php?rest_route=%2Fwp%2Fv2%2Fcomments&post=818"}],"version-history":[{"count":7,"href":"https:\/\/www.kaarinankuvaajat.net\/blog\/index.php?rest_route=\/wp\/v2\/pages\/818\/revisions"}],"predecessor-version":[{"id":4914,"href":"https:\/\/www.kaarinankuvaajat.net\/blog\/index.php?rest_route=\/wp\/v2\/pages\/818\/revisions\/4914"}],"wp:attachment":[{"href":"https:\/\/www.kaarinankuvaajat.net\/blog\/index.php?rest_route=%2Fwp%2Fv2%2Fmedia&parent=818"}],"curies":[{"name":"wp","href":"https:\/\/api.w.org\/{rel}","templated":true}]}}