{"id":2104,"date":"2019-01-06T15:08:00","date_gmt":"2019-01-06T13:08:00","guid":{"rendered":"http:\/\/www.kaarinankuvaajat.net\/?page_id=2104"},"modified":"2023-01-22T21:02:07","modified_gmt":"2023-01-22T19:02:07","slug":"jaseneksi-2","status":"publish","type":"page","link":"https:\/\/www.kaarinankuvaajat.net\/blog\/?page_id=2104","title":{"rendered":"Ohjeita kuvien latauksesta palvelimelle"},"content":{"rendered":"<h1>Ohjeita kuvien latauksesta palvelimelle<\/h1>\n<p>Kuvien lataamiselle palvelimelle on oma lataussivunsa <a href=\"https:\/\/www.kaarinankuvaajat.net\/blog\/?page_id=4885\" target=\"_blank\" rel=\"noopener\">salakampaa varten<\/a> ja oma lataussivu muita <a href=\"https:\/\/www.kaarinankuvaajat.net\/blog\/?page_id=1614\">projektiluontoisia latauksia varten<\/a>. Palvelimelle voi ladata ainoastaan jpg-formaatissa olevia kuvia.<\/p>\n<p>Linkki salakamman lataussivulle l\u00f6ytyy<a href=\"https:\/\/www.kaarinankuvaajat.net\/blog\/?page_id=13\"> Salakampa-sivulta<\/a> ja muita latauksia varten kulloisenkin hankkeen ohjeistuksesta. Linkit l\u00f6ytyv\u00e4t my\u00f6s alla olevan ohjeistuksesta.<\/p>\n<h2><a href=\"https:\/\/www.kaarinankuvaajat.net\/blog\/?page_id=4885\" target=\"_blank\" rel=\"noopener\"><span style=\"font-size: 22pt;\">Salakamman kuvien lataus<\/span><\/a><\/h2>\n<p>Salakamman lataussivu on suojattu salasanalla, jotta vai j\u00e4senet p\u00e4\u00e4sev\u00e4t lataamaan kuvia palvelimelle. Kulloinkin voimassa oleva salasana ilmoitetaan j\u00e4senist\u00f6lle erikseen. Tietoturvasyist\u00e4 salasana vaihdetaan s\u00e4\u00e4nn\u00f6llisesti.<\/p>\n<p><strong>1.<\/strong> Klikkaa linkki\u00e4 ja sy\u00f6t\u00e4 salasana, mik\u00e4li sit\u00e4 kysyt\u00e4\u00e4n. Kannattaa huomata, ett\u00e4 salasanaa ei v\u00e4ltt\u00e4m\u00e4tt\u00e4 kysyt\u00e4 joka kerta, sill\u00e4 selaimet s\u00e4ilytt\u00e4v\u00e4t salasanan muistissaan jonkun aikaa. Klikkaa <strong>Enter<\/strong>-nappia salasanan sy\u00f6t\u00f6n j\u00e4lkeen.<\/p>\n<div><img loading=\"lazy\" decoding=\"async\" class=\"alignnone  wp-image-2109\" src=\"https:\/\/www.kaarinankuvaajat.net\/blog\/wp-content\/uploads\/2019\/01\/Ohje-salakampa-salasana.jpg\" alt=\"\" width=\"525\" height=\"246\" \/><\/div>\n<div>\u00a0<\/div>\n<div><strong>2.<\/strong> Varsinainen lataussivu tulee esille (oikean) salasanan sy\u00f6tt\u00e4misen j\u00e4lkeen. Lataussivulla on ohjeistusta kuvien lataamista varten ja sivun alaosassa varsinainen latauslomake. Sivulla oleva ohjeistus kannattaa lukea huolella, erityisesti kannattaa huomioida, ett\u00e4 tiedostojen nimiss\u00e4 ei kannata k\u00e4ytt\u00e4\u00e4 \u00e4\u00e4kk\u00f6si\u00e4.\u00a0\n<p>\u00a0<\/p>\n<p><img loading=\"lazy\" decoding=\"async\" class=\"\" src=\"https:\/\/www.kaarinankuvaajat.net\/blog\/wp-content\/uploads\/2023\/01\/Salakampa_latuslomake.jpg\" alt=\"\" width=\"533\" height=\"373\" \/><\/p>\n<ul>\n<li>T\u00e4yt\u00e4 nimesi ja s-posti osoitteesi niille varattuihin kenttiin.<\/li>\n<li>Klikkaa <strong>\u201cChoose files\u201d<\/strong> linkki\u00e4 ja valitse 1-3 salakampakuvaa. Voit valita siis useita kuvia kerrallaan ladattavaksi, niit\u00e4 ei tarvitse yksitellen ladata palvelimelle. Voit my\u00f6s raahata ladattavat kuvat &#8220;<strong>Drag and Drop&#8221; alueelle<\/strong><\/li>\n<\/ul>\n<p><span style=\"font-size: revert; color: initial;\">Alla latausvalmis lomake:<\/span><\/p>\n<p><img loading=\"lazy\" decoding=\"async\" class=\"\" src=\"https:\/\/www.kaarinankuvaajat.net\/blog\/wp-content\/uploads\/2023\/01\/Salakampa_valmis_lomake.jpg\" alt=\"\" width=\"532\" height=\"534\" \/><\/p>\n<p><span style=\"font-size: revert; color: initial;\">3. Klikkaa lopuksi &#8220;<\/span><strong style=\"font-size: revert; color: initial;\">Lataa kuvat palvelimelle&#8221; <\/strong>nappia <span style=\"font-size: revert; color: initial;\">ja lataus alkaa.\u00a0<\/span><\/p>\n<\/div>\n<p>4. Lopuksi saat viel\u00e4 ilmoituksen latauksen onnistumisesta. Lis\u00e4ksi s-postiisi l\u00e4hetet\u00e4\u00e4n kuittaus latauksen onnistumisesta.<\/p>\n<p><img loading=\"lazy\" decoding=\"async\" class=\"\" src=\"https:\/\/www.kaarinankuvaajat.net\/blog\/wp-content\/uploads\/2023\/01\/Salakampa_kuvat_ladattu.jpg\" alt=\"\" width=\"641\" height=\"210\" \/><\/p>\n<p>\u00a0<\/p>\n<h1><span style=\"font-size: 22pt;\"><a href=\"https:\/\/www.kaarinankuvaajat.net\/blog\/?page_id=1614\">Muiden kuvien lataus<\/a><\/span><\/h1>\n<p>T\u00e4t\u00e4 lataussivua k\u00e4ytet\u00e4\u00e4n siis kaikkeen muuhun kuvien lataamiseen kuin salakamman kuvien. Esim. vuosikilpailun kuvien, jonkun kuvausretken kuvien, n\u00e4yttelykuvien lataukseen jne.<\/p>\n<p>Lataussivu on suojattu salasanalla, jotta vai j\u00e4senet p\u00e4\u00e4sev\u00e4t lataamaan kuvia palvelimelle. Kulloinkin voimassa oleva salasana ilmoitetaan j\u00e4senist\u00f6lle erikseen. Tietoturvasyist\u00e4 salasana vaihdetaan s\u00e4\u00e4nn\u00f6llisesti.<\/p>\n<p><strong>1.<\/strong> Klikkaa linkki\u00e4 ja sy\u00f6t\u00e4 salasana, mik\u00e4li sit\u00e4 kysyt\u00e4\u00e4n. Kannattaa huomata, ett\u00e4 salasanaa ei v\u00e4ltt\u00e4m\u00e4tt\u00e4 kysyt\u00e4 joka kerta, sill\u00e4 selaimet s\u00e4ilytt\u00e4v\u00e4t salasanan muistissaan jonkun aikaa. Klikkaa <strong>Enter<\/strong>-nappia salasanan sy\u00f6t\u00f6n j\u00e4lkeen.<\/p>\n<div>\u00a0<img loading=\"lazy\" decoding=\"async\" class=\"alignnone  wp-image-2108\" src=\"https:\/\/www.kaarinankuvaajat.net\/blog\/wp-content\/uploads\/2019\/01\/Ohje-lataus-salasana.jpg\" alt=\"\" width=\"525\" height=\"240\" srcset=\"https:\/\/www.kaarinankuvaajat.net\/blog\/wp-content\/uploads\/2019\/01\/Ohje-lataus-salasana.jpg 567w, https:\/\/www.kaarinankuvaajat.net\/blog\/wp-content\/uploads\/2019\/01\/Ohje-lataus-salasana-300x137.jpg 300w\" sizes=\"auto, (max-width: 525px) 100vw, 525px\" \/><\/div>\n<p><strong>2.<\/strong> Varsinainen lataussivu tulee esille (oikean) salasanan sy\u00f6tt\u00e4misen j\u00e4lkeen. Lataussivulla on ohjeistusta kuvien lataamista varten ja sivun alaosassa varsinainen latauslomake. Sivulla oleva ohjeistus kannattaa lukea huolella, erityisesti kannattaa huomioida, ett\u00e4 tiedostojen nimiss\u00e4 ei kannata k\u00e4ytt\u00e4\u00e4 \u00e4\u00e4kk\u00f6si\u00e4.<\/p>\n<p><img loading=\"lazy\" decoding=\"async\" src=\"https:\/\/www.kaarinankuvaajat.net\/blog\/wp-content\/uploads\/2023\/01\/Latauslomake.jpg\" alt=\"\" width=\"525\" height=\"173\" \/><\/p>\n<p>3. Klikkaa <strong>\u201cSelect files\u201d<\/strong> nappia ja valitse haluamasi kuvat. Voit valita siis useita kuvia kerrallaan ladattavaksi, niit\u00e4 ei tarvitse yksitellen ladata palvelimelle. Jos ladattavia kuvia on paljon, niin ne kannattaa kuitenkin ladata n. 5-10 kappaleen eriss\u00e4. Alla kuva latausvalmiista lomakkeesta.<\/p>\n<p><img loading=\"lazy\" decoding=\"async\" src=\"https:\/\/www.kaarinankuvaajat.net\/blog\/wp-content\/uploads\/2023\/01\/Latauslomake_valmis_ladattavaksi.jpg\" alt=\"\" width=\"531\" height=\"231\" \/><\/p>\n<p>4. Klikkaa<strong> Upload files<\/strong> ja lataus alkaa. Latauksen edetess\u00e4 edistymisest\u00e4 kertovat palkit kasvavat kuvan nimen vieress\u00e4.<\/p>\n<p><img loading=\"lazy\" decoding=\"async\" class=\"\" src=\"https:\/\/www.kaarinankuvaajat.net\/blog\/wp-content\/uploads\/2023\/01\/Latauslomake_lataus_menossa.jpg\" width=\"480\" height=\"245\" \/><\/p>\n<p>\u00a05. Lopuksi saat viel\u00e4 ilmoituksen latauksen onnistumisesta.<\/p>\n<p><img loading=\"lazy\" decoding=\"async\" class=\"\" src=\"https:\/\/www.kaarinankuvaajat.net\/blog\/wp-content\/uploads\/2023\/01\/Latauslomake_lataus_valmis.jpg\" alt=\"\" width=\"480\" height=\"174\" \/><\/p>\n<p>\u00a0<\/p>\n\n\n<p><\/p>\n","protected":false},"excerpt":{"rendered":"<p>Ohjeita kuvien latauksesta palvelimelle Kuvien lataamiselle palvelimelle on oma lataussivunsa salakampaa varten ja oma lataussivu muita projektiluontoisia latauksia varten. Palvelimelle voi ladata ainoastaan jpg-formaatissa olevia kuvia. Linkki salakamman lataussivulle l\u00f6ytyy Salakampa-sivulta ja muita latauksia varten kulloisenkin hankkeen ohjeistuksesta. Linkit l\u00f6ytyv\u00e4t my\u00f6s alla olevan ohjeistuksesta. Salakamman kuvien lataus Salakamman lataussivu on suojattu salasanalla, jotta vai j\u00e4senet [&hellip;]<\/p>\n","protected":false},"author":4,"featured_media":0,"parent":0,"menu_order":5,"comment_status":"closed","ping_status":"closed","template":"","meta":{"footnotes":""},"class_list":["post-2104","page","type-page","status-publish","hentry"],"_links":{"self":[{"href":"https:\/\/www.kaarinankuvaajat.net\/blog\/index.php?rest_route=\/wp\/v2\/pages\/2104","targetHints":{"allow":["GET"]}}],"collection":[{"href":"https:\/\/www.kaarinankuvaajat.net\/blog\/index.php?rest_route=\/wp\/v2\/pages"}],"about":[{"href":"https:\/\/www.kaarinankuvaajat.net\/blog\/index.php?rest_route=\/wp\/v2\/types\/page"}],"author":[{"embeddable":true,"href":"https:\/\/www.kaarinankuvaajat.net\/blog\/index.php?rest_route=\/wp\/v2\/users\/4"}],"replies":[{"embeddable":true,"href":"https:\/\/www.kaarinankuvaajat.net\/blog\/index.php?rest_route=%2Fwp%2Fv2%2Fcomments&post=2104"}],"version-history":[{"count":37,"href":"https:\/\/www.kaarinankuvaajat.net\/blog\/index.php?rest_route=\/wp\/v2\/pages\/2104\/revisions"}],"predecessor-version":[{"id":5025,"href":"https:\/\/www.kaarinankuvaajat.net\/blog\/index.php?rest_route=\/wp\/v2\/pages\/2104\/revisions\/5025"}],"wp:attachment":[{"href":"https:\/\/www.kaarinankuvaajat.net\/blog\/index.php?rest_route=%2Fwp%2Fv2%2Fmedia&parent=2104"}],"curies":[{"name":"wp","href":"https:\/\/api.w.org\/{rel}","templated":true}]}}