{"id":199,"date":"2010-04-04T14:59:08","date_gmt":"2010-04-04T12:59:08","guid":{"rendered":"http:\/\/www.kaarinankuvaajat.net\/blog\/?page_id=199"},"modified":"2010-04-04T15:00:50","modified_gmt":"2010-04-04T13:00:50","slug":"yhdistyksen-saannot","status":"publish","type":"page","link":"https:\/\/www.kaarinankuvaajat.net\/blog\/?page_id=199","title":{"rendered":"Yhdistyksen s\u00e4\u00e4nn\u00f6t"},"content":{"rendered":"<h1><strong>Yhdistyksen s\u00e4\u00e4nn\u00f6t<\/strong><\/h1>\n<p><strong>1\u00a7 <\/strong><br \/>\nYhdistyksen nimi on Kaarinan Kuvaajat ja sen kotipaikka on Kaarinan kaupunki. Yhdistyksen virallinen kieli on suomi.<\/p>\n<p><strong>2\u00a7 <\/strong><br \/>\nYhdistyksen tarkoitus on edist\u00e4\u00e4 valokuvausta ja videokuvausta ja her\u00e4tt\u00e4\u00e4 harrastusta siihen. T\u00e4t\u00e4 tarkoitusta yhdistys toteuttaa j\u00e4rjest\u00e4m\u00e4ll\u00e4 kokouksia, keskustelu- ja esitelm\u00e4tilaisuuksia, k\u00e4yt\u00e4nn\u00f6n harjoituksia, n\u00e4yttelyj\u00e4, kilpailuja ja retki\u00e4. Lis\u00e4ksi yhdistys hankkii, levitt\u00e4\u00e4 ja asianomaisen luvan saatuaan julkaisee valokuvauskirjallisuutta sek\u00e4 harjoittaa kerhotoimintaa.<\/p>\n<p><strong>3\u00a7 <\/strong><br \/>\nYhdistyksen j\u00e4senet ovat varsinaisia, kannattavia ja kunniaj\u00e4seni\u00e4. Varsinaisen ja kannattavan j\u00e4senen hyv\u00e4ksyy yhdistyksen hallitus. Kunniaj\u00e4seneksi valitaan hallituksen yksimielisest\u00e4 esityksest\u00e4 yhdistyksen kokouksessa henkil\u00f6, jota yhdistys haluaa erityisesti kunnioittaa. Kannattavana j\u00e4senen\u00e4 voi olla oikeuskelpoinen yhteis\u00f6 tai s\u00e4\u00e4ti\u00f6.<\/p>\n<p><strong>4\u00a7 <\/strong><br \/>\nVarsinaiset ja kannattavat j\u00e4senet maksavat yhdistyksen syyskokouksen m\u00e4\u00e4r\u00e4\u00e4m\u00e4n j\u00e4sen- ja liittymismaksun. Kunniaj\u00e4senet ovat vapaat yhdistyksen maksuista. Eroa pyyt\u00e4nyt j\u00e4sen on velvollinen suorittamaan j\u00e4senmaksu eroamisvuodelta.<\/p>\n<p><strong>5\u00a7 <\/strong><br \/>\nHallitus voi erottaa j\u00e4senen, joka on toiminut yhdistyksen tarkoitusperien vastaisesti, sek\u00e4 varsinaisen ja kannattavan j\u00e4senen, joka ei saamastaan kehoituksesta huolimatta ole m\u00e4\u00e4r\u00e4aikana suorittanut edellisen toimintavuoden j\u00e4senmaksua.<\/p>\n<p><strong>6\u00a7 <\/strong><br \/>\nYhdistyksen toimintaa ja sen asioita valvoo hallitus, johon kuuluu puheenjohtaja ja kolmesta &#8211; viiteen (3-5) varsinaista j\u00e4sent\u00e4 ja yksi (1) varaj\u00e4sen. Puheenjohtaja valitaan vuodeksi kerrallaan. Muut hallituksen j\u00e4senet kahdeksi vuodeksi siten, ett\u00e4 kaksi (2) varsinaista j\u00e4sent\u00e4 on erovuorossa ensimm\u00e4isen\u00e4 vuotena, sen j\u00e4lkeen on erovuorossa loput. Varaj\u00e4sen on erovuorossa joka toinen vuosi. Hallitus valitsee keskuudestaan varapuheenjohtajan sek\u00e4 kutsuu sihteerin, varainhoitajan ja muut tarpeelliset virkailijat, joiden kaikkien tulee olla yhdistyksen j\u00e4seni\u00e4.<\/p>\n<p><strong>7\u00a7 <\/strong><br \/>\nVarapuheenjohtaja hoitaa puheenjohtajan teht\u00e4vi\u00e4 t\u00e4m\u00e4n ollessa estynyt. Heid\u00e4n kummankin ollessa estyneet kokouksessa toimii puheenjohtajana l\u00e4sn\u00e4olevista valittu j\u00e4sen. Hallitus kokoontuu puheenjohtajan tai varapuheenjohtajan kutsusta ja on p\u00e4\u00e4t\u00f6svaltainen kun kaksi kolmasosaa (2\/3) sen j\u00e4senist\u00e4 on l\u00e4sn\u00e4.<\/p>\n<p><strong>8\u00a7 <\/strong><br \/>\nYhdistyksen toiminta- ja tilivuosi on kalenterivuosi. Yhdistyksen tilit on j\u00e4tett\u00e4v\u00e4 tilintarkastajille helmikuun aikana, kuitenkin viimeist\u00e4\u00e4n kaksi viikkoa ennen vuosikokousta.<\/p>\n<p><strong>9\u00a7 <\/strong><br \/>\nYlim\u00e4\u00e4r\u00e4isi\u00e4 yhdistyksen kokouksia pidet\u00e4\u00e4n hallituksen kutsumana tarpeen mukaan tai jos v\u00e4hint\u00e4\u00e4n kymmenesosa (1\/10) yhdistyksen \u00e4\u00e4nioikeutetuista j\u00e4senist\u00e4 vaatii sit\u00e4 hallitukselta kirjallisesti ilmoittamansa asian k\u00e4sittely\u00e4 varten. Kutsu yhdistyksen kokoukseen l\u00e4hetet\u00e4\u00e4n j\u00e4senille postitse v\u00e4hint\u00e4\u00e4n viikkoa ennen kokousta. Kutsussa on mainittava kokouksen aika ja paikka sek\u00e4 kokouksessa k\u00e4sitelt\u00e4v\u00e4t asiat. Muista kuin kokouskutsussa mainituista asioista ei kokouksessa saa tehd\u00e4 j\u00e4seni\u00e4 velvoittavia p\u00e4\u00e4t\u00f6ksi\u00e4. Kokouksessa esille haluamansa asiat j\u00e4senen on esitett\u00e4v\u00e4 hallitukselle kirjallisesti v\u00e4hint\u00e4in kolme (3) viikkoa ennen kokousta.<\/p>\n<p><strong>10\u00a7 <\/strong><br \/>\nAsiat ratkaistaan yhdistyksen ja hallituksen kokouksissa yksinkertaisella \u00e4\u00e4nten enemmist\u00f6ll\u00e4, mik\u00e4li n\u00e4iss\u00e4 s\u00e4\u00e4nn\u00f6iss\u00e4 tai yhdistyslaeissa ei toisin m\u00e4\u00e4r\u00e4t\u00e4. \u00c4\u00e4nten menness\u00e4 tasan ratkaisee yhdistyksen kokouksissa arpa; hallituksen kokouksessa p\u00e4\u00e4t\u00f6kseksi tulee se kanta, johon puheenjohtaja on yhtynyt.<\/p>\n<p><strong>11\u00a7 <\/strong><br \/>\nVarsinaiset yhdistyksen kokoukset hallitus kutsuu maaliskuussa kev\u00e4tkokoukseen ja marraskuussa syyskokoukseen.<\/p>\n<p>Yhdistyksen kev\u00e4tkokous:<br \/>\nI Kokouksen j\u00e4rjest\u00e4ytyminen<\/p>\n<p>1. Kokouksen avaus<br \/>\n2. Todetaan kokouksen laillisuus ja p\u00e4\u00e4t\u00f6svaltaisuus <br \/>\n3. Valitaan kokouksen puheenjohtaja ja yksi sihteeri<br \/>\n4. Valitaan kaksi p\u00f6yt\u00e4kirjantarkastajaa ja \u00e4\u00e4ntenlaskijat<br \/>\n5. Hyv\u00e4ksyt\u00e4\u00e4n kokouksen esityslista<\/p>\n<p>II Varsinaiset kokousasiat<\/p>\n<p>1. Esitet\u00e4\u00e4n hallituksen kertomus edellisen vuoden toiminnasta<br \/>\n2. Vahvistetaan tilinp\u00e4\u00e4t\u00f6s ja p\u00e4\u00e4tet\u00e4\u00e4n tili- ja vastuuvapauden my\u00f6nt\u00e4misest\u00e4 tilivelvollisille<br \/>\n3. K\u00e4sitell\u00e4\u00e4n muut kokouskutsussa mainitut asiat<\/p>\n<p>Yhdistyksen syyskokous:<\/p>\n<p>I Kokouksen j\u00e4rjest\u00e4ytyminen<\/p>\n<p>1. Kokouksen avaus<br \/>\n2. Todetaan kokouksen laillisuus ja p\u00e4\u00e4t\u00f6svaltaisuus <br \/>\n3. Valitaan kokouksen puheenjohtaja ja yksi sihteeri<br \/>\n4. Valitaan kaksi p\u00f6yt\u00e4kirjantarkastajaa ja \u00e4\u00e4ntenlaskijat<br \/>\n5. Hyv\u00e4ksyt\u00e4\u00e4n kokouksen esityslista<\/p>\n<p>II Varsinaiset kokousasiat<\/p>\n<p>1. Hyv\u00e4ksyt\u00e4\u00e4n yhdistyksen toimintasuunnitelma seuraavaksi toimintakaudeksi.<br \/>\n2. M\u00e4\u00e4r\u00e4t\u00e4\u00e4n hallituksen puheenjohtajan ja muiden j\u00e4senten kokouspalkkiot sek\u00e4 tilintarkastajien palkkiot seuraavaksi toimintakaudeksi.<br \/>\n3. M\u00e4\u00e4r\u00e4t\u00e4\u00e4n seuraavana toimintakautena kannettavien j\u00e4senmaksujen suuruudet.<br \/>\n4. Vahvistetaan talousarvio<br \/>\n5. Valitaan seuraavan toimintavuoden ajaksi<br \/>\n&#8211; Yhdistyksen puheenjohtaja<br \/>\n&#8211; uudet j\u00e4senet hallitukseen erovuoroisten tilalle<br \/>\n&#8211; kaksi tilintarkastajaa ja n\u00e4ille varamiehet<br \/>\n&#8211; kolmej\u00e4seninen arvostelulautakunta<br \/>\n6. K\u00e4sitell\u00e4\u00e4n muut kokouskutsussa mainitut asiat.<\/p>\n<p><strong>12\u00a7 <\/strong><br \/>\nYhdistyksen nimen kirjoittaa joko puheenjohtaja tai varapuheenjohtaja, yhdess\u00e4 hallituksen j\u00e4senen tai sihteerin kanssa.<\/p>\n<p><strong>13\u00a7 <\/strong><br \/>\nJ\u00e4sen- ja liittymismaksujen lis\u00e4ksi yhdistys hankkii tuloja kantamalla maksuja toimeenpanemistaan n\u00e4yttelyist\u00e4, huvitilaisuuksista, julkaisuista, esityksist\u00e4 ja retkist\u00e4. Yhdistys voi vastaanottaa varoja lahjoitusten ja testamenttien kautta. Sen lis\u00e4ksi yhdistys voi hankkia ja omistaa toimintaansa varten tarpeellisia kiinteist\u00f6j\u00e4 ja arvopapereita.<\/p>\n<p><strong>14\u00a7 <\/strong><br \/>\nN\u00e4iden s\u00e4\u00e4nt\u00f6jen muuttamiseksi vaaditaan yhdistyksen kokouksessa tehty p\u00e4\u00e4t\u00f6s, jota on kannattanut v\u00e4hint\u00e4\u00e4n kolme nelj\u00e4sosaa (3\/4) enemmist\u00f6 annetuista \u00e4\u00e4nist\u00e4.<\/p>\n<p><strong>15\u00a7 <\/strong><br \/>\nYhdistyksen purkautuessa k\u00e4ytet\u00e4\u00e4n yhdistyksen varat yhdistyksen (tarkoituksen edist\u00e4miseen) purkamisesta p\u00e4\u00e4tt\u00e4v\u00e4n kokouksen m\u00e4\u00e4ritt\u00e4m\u00e4ll\u00e4 tavalla. Yhdistyksen tullessa lakkautetuksi k\u00e4ytet\u00e4\u00e4n varat samaan tarkoitukseen. Purkamisp\u00e4\u00e4t\u00f6s on teht\u00e4v\u00e4 kahdessa, v\u00e4hint\u00e4\u00e4n kuukauden v\u00e4liajalla pidett\u00e4v\u00e4ss\u00e4 kokouksessa, jossa v\u00e4hint\u00e4\u00e4n kolmen nelj\u00e4sosan (3\/4) annetuista \u00e4\u00e4nist\u00e4 on kannatettava sit\u00e4.<\/p>\n","protected":false},"excerpt":{"rendered":"<p>Yhdistyksen s\u00e4\u00e4nn\u00f6t 1\u00a7 Yhdistyksen nimi on Kaarinan Kuvaajat ja sen kotipaikka on Kaarinan kaupunki. Yhdistyksen virallinen kieli on suomi. 2\u00a7 Yhdistyksen tarkoitus on edist\u00e4\u00e4 valokuvausta ja videokuvausta ja her\u00e4tt\u00e4\u00e4 harrastusta siihen. T\u00e4t\u00e4 tarkoitusta yhdistys toteuttaa j\u00e4rjest\u00e4m\u00e4ll\u00e4 kokouksia, keskustelu- ja esitelm\u00e4tilaisuuksia, k\u00e4yt\u00e4nn\u00f6n harjoituksia, n\u00e4yttelyj\u00e4, kilpailuja ja retki\u00e4. Lis\u00e4ksi yhdistys hankkii, levitt\u00e4\u00e4 ja asianomaisen luvan saatuaan julkaisee [&hellip;]<\/p>\n","protected":false},"author":4,"featured_media":0,"parent":0,"menu_order":0,"comment_status":"closed","ping_status":"closed","template":"","meta":{"footnotes":""},"class_list":["post-199","page","type-page","status-publish","hentry"],"_links":{"self":[{"href":"https:\/\/www.kaarinankuvaajat.net\/blog\/index.php?rest_route=\/wp\/v2\/pages\/199","targetHints":{"allow":["GET"]}}],"collection":[{"href":"https:\/\/www.kaarinankuvaajat.net\/blog\/index.php?rest_route=\/wp\/v2\/pages"}],"about":[{"href":"https:\/\/www.kaarinankuvaajat.net\/blog\/index.php?rest_route=\/wp\/v2\/types\/page"}],"author":[{"embeddable":true,"href":"https:\/\/www.kaarinankuvaajat.net\/blog\/index.php?rest_route=\/wp\/v2\/users\/4"}],"replies":[{"embeddable":true,"href":"https:\/\/www.kaarinankuvaajat.net\/blog\/index.php?rest_route=%2Fwp%2Fv2%2Fcomments&post=199"}],"version-history":[{"count":3,"href":"https:\/\/www.kaarinankuvaajat.net\/blog\/index.php?rest_route=\/wp\/v2\/pages\/199\/revisions"}],"predecessor-version":[{"id":202,"href":"https:\/\/www.kaarinankuvaajat.net\/blog\/index.php?rest_route=\/wp\/v2\/pages\/199\/revisions\/202"}],"wp:attachment":[{"href":"https:\/\/www.kaarinankuvaajat.net\/blog\/index.php?rest_route=%2Fwp%2Fv2%2Fmedia&parent=199"}],"curies":[{"name":"wp","href":"https:\/\/api.w.org\/{rel}","templated":true}]}}