{"id":134,"date":"2010-03-30T21:45:29","date_gmt":"2010-03-30T19:45:29","guid":{"rendered":"http:\/\/www.kaarinankuvaajat.net\/blog\/?page_id=134"},"modified":"2025-03-05T19:36:36","modified_gmt":"2025-03-05T17:36:36","slug":"jaseneksi","status":"publish","type":"page","link":"https:\/\/www.kaarinankuvaajat.net\/blog\/?page_id=134","title":{"rendered":"J\u00e4seneksi"},"content":{"rendered":"<h1>J\u00e4seneksi<\/h1>\n<div>Kiinnostaako valokuvaus? Haluatko kehitty\u00e4 harrastuksessasi? Haluatko samanhenkist\u00e4 seuraa? Kaarinan Kuvaajat tarjoavat niin aloittelijoille, kuin ammattilaisillekin seuran, jossa et ole yksin.<\/div>\n<p>Kaarinan kuvaajat toivottavat sinut tervetulleeksi joukkoomme! Olet my\u00f6s aina tervetullut kokoukseen vaikkapa ensin aluksi tutustumaan toimintaan, jos vasta harkitset j\u00e4senyytt\u00e4.<\/p>\n<p>J\u00e4senmaksu on 35 euroa. J\u00e4senmaksu maksetaan tilille <strong>Oma\u00a0S\u00e4\u00e4st\u00f6pankki FI45 4309 1320 1045 30.<\/strong><\/p>\n<p>Liitty\u00e4ksesi j\u00e4seneksi l\u00e4het\u00e4 seuraavat tiedot (* merkityt pakollisia) s\u00e4hk\u00f6postilla osoitteeseen <a href=\"mailto:sihteeri@kaarinankuvaajat.net\">sihteeri@kaarinankuvaajat.net<\/a><\/p>\n<table style=\"width: 420px;\">\n<tbody>\n<tr>\n<td><\/td>\n<td><\/td>\n<\/tr>\n<tr>\n<td><span style=\"font-size: small;\">Etunimi*<\/span><\/td>\n<td><\/td>\n<\/tr>\n<tr>\n<td><span style=\"font-size: small;\">Sukunimi*<\/span><\/td>\n<td><\/td>\n<\/tr>\n<tr>\n<td><span style=\"font-size: small;\">Syntym\u00e4vuosi*<\/span><\/td>\n<td><\/td>\n<\/tr>\n<tr>\n<td><span style=\"font-size: small;\">Katuosoite*<\/span><\/td>\n<td><\/td>\n<\/tr>\n<tr>\n<td><span style=\"font-size: small;\">Postinumero*<\/span><\/td>\n<td><\/td>\n<\/tr>\n<tr>\n<td><span style=\"font-size: small;\">Postitoimipaikka*<\/span><\/td>\n<td><\/td>\n<\/tr>\n<tr>\n<td><span style=\"font-size: small;\">Puhelinnumero<\/span><\/td>\n<td><\/td>\n<\/tr>\n<tr>\n<td><span style=\"font-size: small;\">S\u00e4hk\u00f6postiosoite<\/span><\/td>\n<td><\/td>\n<\/tr>\n<tr>\n<td><span style=\"font-size: small;\">Kotikunta<\/span><\/td>\n<td><\/td>\n<\/tr>\n<\/tbody>\n<\/table>\n<p>Tietosuojaseloste rekisterin pit\u00e4misen ja henkil\u00f6tietojen k\u00e4sittelyn perusteista ja k\u00e4ytt\u00f6tarkoituksesta\u00a0 <a href=\"https:\/\/www.kaarinankuvaajat.net\/blog\/wp-content\/uploads\/2018\/11\/Tietosuojaseloste-hallitus-hyv\u00e4ksytty-27.9.2018.pdf\">l\u00f6ytyy t\u00e4\u00e4lt\u00e4<\/a>.<\/p>\n<h3 class=\"western\"><\/h3>\n","protected":false},"excerpt":{"rendered":"<p>J\u00e4seneksi Kiinnostaako valokuvaus? Haluatko kehitty\u00e4 harrastuksessasi? Haluatko samanhenkist\u00e4 seuraa? Kaarinan Kuvaajat tarjoavat niin aloittelijoille, kuin ammattilaisillekin seuran, jossa et ole yksin. Kaarinan kuvaajat toivottavat sinut tervetulleeksi joukkoomme! Olet my\u00f6s aina tervetullut kokoukseen vaikkapa ensin aluksi tutustumaan toimintaan, jos vasta harkitset j\u00e4senyytt\u00e4. J\u00e4senmaksu on 35 euroa. J\u00e4senmaksu maksetaan tilille Oma\u00a0S\u00e4\u00e4st\u00f6pankki FI45 4309 1320 1045 30. Liitty\u00e4ksesi [&hellip;]<\/p>\n","protected":false},"author":4,"featured_media":0,"parent":0,"menu_order":5,"comment_status":"closed","ping_status":"closed","template":"","meta":{"footnotes":""},"class_list":["post-134","page","type-page","status-publish","hentry"],"_links":{"self":[{"href":"https:\/\/www.kaarinankuvaajat.net\/blog\/index.php?rest_route=\/wp\/v2\/pages\/134","targetHints":{"allow":["GET"]}}],"collection":[{"href":"https:\/\/www.kaarinankuvaajat.net\/blog\/index.php?rest_route=\/wp\/v2\/pages"}],"about":[{"href":"https:\/\/www.kaarinankuvaajat.net\/blog\/index.php?rest_route=\/wp\/v2\/types\/page"}],"author":[{"embeddable":true,"href":"https:\/\/www.kaarinankuvaajat.net\/blog\/index.php?rest_route=\/wp\/v2\/users\/4"}],"replies":[{"embeddable":true,"href":"https:\/\/www.kaarinankuvaajat.net\/blog\/index.php?rest_route=%2Fwp%2Fv2%2Fcomments&post=134"}],"version-history":[{"count":51,"href":"https:\/\/www.kaarinankuvaajat.net\/blog\/index.php?rest_route=\/wp\/v2\/pages\/134\/revisions"}],"predecessor-version":[{"id":6377,"href":"https:\/\/www.kaarinankuvaajat.net\/blog\/index.php?rest_route=\/wp\/v2\/pages\/134\/revisions\/6377"}],"wp:attachment":[{"href":"https:\/\/www.kaarinankuvaajat.net\/blog\/index.php?rest_route=%2Fwp%2Fv2%2Fmedia&parent=134"}],"curies":[{"name":"wp","href":"https:\/\/api.w.org\/{rel}","templated":true}]}}