{"id":102,"date":"2010-03-29T20:01:00","date_gmt":"2010-03-29T18:01:00","guid":{"rendered":"http:\/\/www.kaarinankuvaajat.net\/blog\/?page_id=102"},"modified":"2025-02-06T14:26:10","modified_gmt":"2025-02-06T12:26:10","slug":"yhteystiedot","status":"publish","type":"page","link":"https:\/\/www.kaarinankuvaajat.net\/blog\/?page_id=102","title":{"rendered":"Yhteystiedot"},"content":{"rendered":"<table style=\"width: 678px; height: 667px;\" border=\"0\" cellspacing=\"2\" cellpadding=\"2\">\n<tbody>\n<tr>\n<td valign=\"top\" bgcolor=\"#ffffff\" width=\"600\" height=\"300\"><strong>Yhteystiedot<\/strong><code><br \/>\n<\/code><\/p>\n<div>\n<p>Kaarinan Kuvaajat ry kokoontuu joka kuukauden ensimm\u00e4inen keskiviikko<\/p>\n<p>Kaarinan Kansalaistoiminan keskus Puntarissa Pyh\u00e4n Katariinan tie 7<\/p>\n<p>klo 18:30.<\/p>\n<div>\n<table style=\"width: 500px;\" border=\"1\" cellspacing=\"0\" cellpadding=\"6\" bgcolor=\"#ffffff\">\n<tbody>\n<tr>\n<td valign=\"top\">S\u00e4hk\u00f6postiosoitteet:<\/td>\n<td><\/td>\n<\/tr>\n<tr>\n<td valign=\"top\">etunimi.sukunimi@kaarinankuvaajat.net<\/td>\n<td style=\"text-align: justify;\"><\/td>\n<\/tr>\n<tr>\n<td valign=\"top\"><strong>Puheenjohtaja<\/strong><\/td>\n<td>Jukka Ik\u00e4heimo<\/td>\n<\/tr>\n<tr>\n<td valign=\"top\"><strong>Varapuheenjohtaja<\/strong><\/td>\n<td>Esa Soppi<\/td>\n<\/tr>\n<tr>\n<td valign=\"top\"><strong>Sihteeri<\/strong><\/td>\n<td>Hanna Voutilainen<\/td>\n<\/tr>\n<tr>\n<td valign=\"top\"><strong>Rahastonhoitaja<\/strong><\/td>\n<td>Henrik Sell<\/td>\n<\/tr>\n<tr>\n<td valign=\"top\"><strong>Hallituksen j\u00e4senet<\/strong><\/td>\n<td>Jari Kouvo<br \/>\nMirjo Kanervavuori<br \/>\nHanna Voutilainen<\/td>\n<\/tr>\n<\/tbody>\n<\/table>\n<\/div>\n<\/div>\n<\/td>\n<\/tr>\n<\/tbody>\n<\/table>\n","protected":false},"excerpt":{"rendered":"<p>Yhteystiedot Kaarinan Kuvaajat ry kokoontuu joka kuukauden ensimm\u00e4inen keskiviikko Kaarinan Kansalaistoiminan keskus Puntarissa Pyh\u00e4n Katariinan tie 7 klo 18:30. S\u00e4hk\u00f6postiosoitteet: etunimi.sukunimi@kaarinankuvaajat.net Puheenjohtaja Jukka Ik\u00e4heimo Varapuheenjohtaja Esa Soppi Sihteeri Hanna Voutilainen Rahastonhoitaja Henrik Sell Hallituksen j\u00e4senet Jari Kouvo Mirjo Kanervavuori Hanna Voutilainen<\/p>\n","protected":false},"author":4,"featured_media":0,"parent":0,"menu_order":4,"comment_status":"closed","ping_status":"closed","template":"","meta":{"footnotes":""},"class_list":["post-102","page","type-page","status-publish","hentry"],"_links":{"self":[{"href":"https:\/\/www.kaarinankuvaajat.net\/blog\/index.php?rest_route=\/wp\/v2\/pages\/102","targetHints":{"allow":["GET"]}}],"collection":[{"href":"https:\/\/www.kaarinankuvaajat.net\/blog\/index.php?rest_route=\/wp\/v2\/pages"}],"about":[{"href":"https:\/\/www.kaarinankuvaajat.net\/blog\/index.php?rest_route=\/wp\/v2\/types\/page"}],"author":[{"embeddable":true,"href":"https:\/\/www.kaarinankuvaajat.net\/blog\/index.php?rest_route=\/wp\/v2\/users\/4"}],"replies":[{"embeddable":true,"href":"https:\/\/www.kaarinankuvaajat.net\/blog\/index.php?rest_route=%2Fwp%2Fv2%2Fcomments&post=102"}],"version-history":[{"count":47,"href":"https:\/\/www.kaarinankuvaajat.net\/blog\/index.php?rest_route=\/wp\/v2\/pages\/102\/revisions"}],"predecessor-version":[{"id":6336,"href":"https:\/\/www.kaarinankuvaajat.net\/blog\/index.php?rest_route=\/wp\/v2\/pages\/102\/revisions\/6336"}],"wp:attachment":[{"href":"https:\/\/www.kaarinankuvaajat.net\/blog\/index.php?rest_route=%2Fwp%2Fv2%2Fmedia&parent=102"}],"curies":[{"name":"wp","href":"https:\/\/api.w.org\/{rel}","templated":true}]}}